{"id":99471,"date":"2023-11-08T20:00:20","date_gmt":"2023-11-08T11:00:20","guid":{"rendered":"https:\/\/newvenusdvds.com\/?product=%e3%81%a8%e3%81%82%e3%82%8b%e5%a5%b3%e3%81%ae%e8%87%aa%e6%a5%ad%e5%be%97%e9%9b%86-02"},"modified":"2024-10-12T17:11:07","modified_gmt":"2024-10-12T08:11:07","slug":"%e3%81%a8%e3%81%82%e3%82%8b%e5%a5%b3%e3%81%ae%e8%87%aa%e6%a5%ad%e5%be%97%e9%9b%86-02","status":"publish","type":"product","link":"https:\/\/newvenusdvds.com\/?product=%e3%81%a8%e3%81%82%e3%82%8b%e5%a5%b3%e3%81%ae%e8%87%aa%e6%a5%ad%e5%be%97%e9%9b%86-02","title":{"rendered":"\u3068\u3042\u308b\u5973\u306e\u81ea\u696d\u5f97\u96c6 02"},"content":{"rendered":"","protected":false},"excerpt":{"rendered":"<p>\u300c\u6a21\u5023\u3068\u306f\u81ea\u5206\u3067\u5de5\u592b\u3057\u3066\u4f5c\u308a\u51fa\u3059\u306e\u3067\u306f\u306a\u304f\u3001\u65e2\u306b\u3067\u304d\u3066\u3044\u308b\u3082\u306e\u3092\u771f\u4f3c\u308b\u3053\u3068\u300d\u307e\u3055\u3057\u304f\u3053\u306e\u64ae\u5f71\u8005\u306b\u30d4\u30c3\u30bf\u30ea\u306e\u8a00\u8449\u3067\u3042\u308b\u3002\u3053\u306e\u64ae\u5f71\u8005\u306f\u4eca\u3001\u88cf\u754c\u9688\u3067\u58f2\u308c\u3066\u3044\u308b\u52d5\u753b\u3092\u771f\u4f3c\u3066\u64ae\u5f71\u3057\u3066\u3044\u308b\u6a21\u5023\u7537\u3067\u3059\u3002\u305d\u306e\u58f2\u308c\u3066\u3044\u308b\u52d5\u753b\u3068\u306f\u304a\u76ee\u5f53\u3066\u306e\u5973\u6027\u3092\u8857\u4e2d\u3067\u898b\u3064\u3051\u3001\u5f8c\u3092\u3064\u3051\u3066\u98f2\u307f\u7269\u306b\u85ac\u3092\u4ed5\u8fbc\u307f\u5bdd\u304b\u305b\u3066\u00d7\u00d7\u00d7\u3059\u308b\u5185\u5bb9\u306e\u52d5\u753b\u3067\u3059\u3002SNS\u3067\u304a\u91d1\u306b\u56f0\u3063\u3066\u3044\u308b\u5973\u306e\u5b50\u306e\u5f31\u307f\u306b\u4ed8\u3051\u8fbc\u3093\u3067\u5353\u98f2\u307f\u3068\u79f0\u3057\u3066\u81ea\u5b85\u306b\u9023\u308c\u8fbc\u307f\u3001\u98f2\u307f\u7269\u306b\u85ac\u3092\u4ed5\u8fbc\u307f\u5bdd\u304b\u305b\u3066\u00d7\u00d7\u00d7\u3059\u308b\u52d5\u753b\u3092\u64ae\u5f71\u3057\u3066\u3044\u308b\u6700\u4f4e\u306e\u7537\u3067\u3059\u3002\u4eba\u6c17\u304c\u3042\u308b\u52d5\u753b\u3092\u771f\u4f3c\u305f\u3044\u6c17\u6301\u3061\u306f\u308f\u304b\u308b\u306e\u3067\u3059\u304c\u3001\u308f\u3056\u308f\u3056\u3053\u306e\u52d5\u753b\u3092\u771f\u4f3c\u308b\u5f7c\u306e\u8003\u3048\u306f\u7406\u89e3\u3057\u304c\u305f\u3044\u90e8\u5206\u3067\u3082\u3042\u308b\u306e\u3067\u3059\u304c\u3001\u5f7c\u306f\u306a\u305c\u3053\u306e\u52d5\u753b\u3092\u771f\u4f3c\u3066\u4f5c\u308d\u3046\u3068\u601d\u3063\u305f\u306e\u3067\u3057\u3087\u3046\u304b\u3002\u305f\u3060\u306e\u304a\u91d1\u3092\u7a3c\u3050\u305f\u3081\u306e\u624b\u6bb5\u3060\u3063\u305f\u306e\u304b\u2026\u3002 \u9b3c\u755c \u7d20\u4eba \u30c9\u30e9\u30c3\u30b0 \u4e2d\u51fa\u3057 \u8907\u6570\u8a71 4\u6642\u9593\u4ee5\u4e0a\u4f5c\u54c1  \u30e2\u30b6\u30a4\u30af G035007<\/p>\n","protected":false},"featured_media":99470,"template":"","meta":[],"product_cat":[15],"product_tag":[782,103,86,161,183,144],"class_list":{"0":"post-99471","1":"product","2":"type-product","3":"status-publish","4":"has-post-thumbnail","6":"product_cat-ja","7":"product_tag-782","8":"product_tag-103","9":"product_tag-86","10":"product_tag-161","11":"product_tag-183","12":"product_tag-144","14":"first","15":"instock","16":"shipping-taxable","17":"purchasable","18":"product-type-simple"},"_links":{"self":[{"href":"https:\/\/newvenusdvds.com\/index.php?rest_route=\/wp\/v2\/product\/99471","targetHints":{"allow":["GET"]}}],"collection":[{"href":"https:\/\/newvenusdvds.com\/index.php?rest_route=\/wp\/v2\/product"}],"about":[{"href":"https:\/\/newvenusdvds.com\/index.php?rest_route=\/wp\/v2\/types\/product"}],"wp:featuredmedia":[{"embeddable":true,"href":"https:\/\/newvenusdvds.com\/index.php?rest_route=\/wp\/v2\/media\/99470"}],"wp:attachment":[{"href":"https:\/\/newvenusdvds.com\/index.php?rest_route=%2Fwp%2Fv2%2Fmedia&parent=99471"}],"wp:term":[{"taxonomy":"product_cat","embeddable":true,"href":"https:\/\/newvenusdvds.com\/index.php?rest_route=%2Fwp%2Fv2%2Fproduct_cat&post=99471"},{"taxonomy":"product_tag","embeddable":true,"href":"https:\/\/newvenusdvds.com\/index.php?rest_route=%2Fwp%2Fv2%2Fproduct_tag&post=99471"}],"curies":[{"name":"wp","href":"https:\/\/api.w.org\/{rel}","templated":true}]}}