{"id":160970,"date":"2024-11-12T20:39:07","date_gmt":"2024-11-12T11:39:07","guid":{"rendered":"https:\/\/newvenusdvds.com\/?product=%e5%ae%b6%e5%ba%ad%e5%86%85%e5%a6%b9%e8%a6%b3%e5%af%9f-%ef%bc%88%e3%83%88%e3%82%a4%e3%83%ac%e3%83%bb%e3%82%aa%e3%83%8a%e3%83%8b%e3%83%bc%e3%83%bb%e7%9d%80%e6%9b%bf%e3%81%88%e7%ad%89%ef%bc%89-%e3%82%b9"},"modified":"2024-11-12T20:39:07","modified_gmt":"2024-11-12T11:39:07","slug":"%e5%ae%b6%e5%ba%ad%e5%86%85%e5%a6%b9%e8%a6%b3%e5%af%9f-%ef%bc%88%e3%83%88%e3%82%a4%e3%83%ac%e3%83%bb%e3%82%aa%e3%83%8a%e3%83%8b%e3%83%bc%e3%83%bb%e7%9d%80%e6%9b%bf%e3%81%88%e7%ad%89%ef%bc%89-%e3%82%b9","status":"publish","type":"product","link":"https:\/\/newvenusdvds.com\/?product=%e5%ae%b6%e5%ba%ad%e5%86%85%e5%a6%b9%e8%a6%b3%e5%af%9f-%ef%bc%88%e3%83%88%e3%82%a4%e3%83%ac%e3%83%bb%e3%82%aa%e3%83%8a%e3%83%8b%e3%83%bc%e3%83%bb%e7%9d%80%e6%9b%bf%e3%81%88%e7%ad%89%ef%bc%89-%e3%82%b9","title":{"rendered":"\u5bb6\u5ead\u5185\u59b9\u89b3\u5bdf \uff08\u30c8\u30a4\u30ec\u30fb\u30aa\u30ca\u30cb\u30fc\u30fb\u7740\u66ff\u3048\u7b49\uff09 \u30b9\u30a4\u30df\u30f3\u30ab\u30f3\u4e2d\u306b\u307e\u3055\u304b\u306e\u899a\u9192\u30d0\u30ec\u2192\u4fee\u7f85\u5834\u2192\u958b\u304d\u76f4\u308a\u4ee4\u30d7\u3055\u308c\u7cbe\u795e\u5d29\u58ca\u3059\u308b\u5b66\u751f\u306e\u59b94\u540d"},"content":{"rendered":"","protected":false},"excerpt":{"rendered":"<p>\u7269\u5fc3\u3064\u3044\u305f\u76f4\u5f8c\u3001\u4e00\u756a\u8eab\u8fd1\u306b\u611f\u3058\u308b\u5973\u6027\u3002\u305d\u308c\u306f\u59c9\u3001\u59b9\u3001\u306f\u305f\u307e\u305f\u6bcd\u306a\u3093\u304b\u3082\u305d\u3046\u3002\u4eca\u56de\u306e\u30bf\u30fc\u30b2\u30c3\u30c8\u306f\u300c\u59b9\u300d\u30024\u4eba\u3068\u3082\u30eb\u30c3\u30af\u30b9\u3001\u8eab\u4f53\u306e\u30ec\u30d9\u30eb\u306f\u975e\u5e38\u306b\u9ad8\u304f\u3001\u59b9\u3068\u3057\u3066\u3082100\u70b9\u6e80\u70b9\u4e2d120\u70b9\u3002\u30aa\u30af\u30b9\u30ea\u3067\u5922\u306e\u4e2d\u306b\u3044\u3063\u3066\u3082\u3089\u3063\u3066\u597d\u304d\u653e\u984c\u53ef\u611b\u304c\u308b\u306f\u305a\u304c\u9014\u4e2d\u3067\u899a\u9192\u3002\u305d\u306e\u65e5\u304b\u3089\u4fee\u7f85\u5834\u3002\u3082\u3046\u958b\u304d\u76f4\u3063\u3066\u00d7\u00d7\u00d7\u3059\u308b\u3057\u304b\u306a\u3044\u3002 \u59c9\u30fb\u59b9 \u5de8\u4e73 \u8fd1\u89aa\u76f8\u59e6 \u5973\u5b50\u6821\u751f \u76d7\u64ae\u30fb\u306e\u305e\u304d \u4e2d\u51fa\u3057  \u30e2\u30b6\u30a4\u30af G061386<\/p>\n","protected":false},"featured_media":160969,"template":"","meta":[],"product_cat":[15],"product_tag":[86,125,149,93,167,135],"class_list":{"0":"post-160970","1":"product","2":"type-product","3":"status-publish","4":"has-post-thumbnail","6":"product_cat-ja","7":"product_tag-86","8":"product_tag-125","9":"product_tag-149","10":"product_tag-93","11":"product_tag-167","12":"product_tag-135","14":"first","15":"instock","16":"shipping-taxable","17":"purchasable","18":"product-type-simple"},"_links":{"self":[{"href":"https:\/\/newvenusdvds.com\/index.php?rest_route=\/wp\/v2\/product\/160970","targetHints":{"allow":["GET"]}}],"collection":[{"href":"https:\/\/newvenusdvds.com\/index.php?rest_route=\/wp\/v2\/product"}],"about":[{"href":"https:\/\/newvenusdvds.com\/index.php?rest_route=\/wp\/v2\/types\/product"}],"wp:featuredmedia":[{"embeddable":true,"href":"https:\/\/newvenusdvds.com\/index.php?rest_route=\/wp\/v2\/media\/160969"}],"wp:attachment":[{"href":"https:\/\/newvenusdvds.com\/index.php?rest_route=%2Fwp%2Fv2%2Fmedia&parent=160970"}],"wp:term":[{"taxonomy":"product_cat","embeddable":true,"href":"https:\/\/newvenusdvds.com\/index.php?rest_route=%2Fwp%2Fv2%2Fproduct_cat&post=160970"},{"taxonomy":"product_tag","embeddable":true,"href":"https:\/\/newvenusdvds.com\/index.php?rest_route=%2Fwp%2Fv2%2Fproduct_tag&post=160970"}],"curies":[{"name":"wp","href":"https:\/\/api.w.org\/{rel}","templated":true}]}}