{"id":112477,"date":"2024-02-07T19:11:41","date_gmt":"2024-02-07T10:11:41","guid":{"rendered":"https:\/\/newvenusdvds.com\/?product=%e3%81%a8%e3%81%82%e3%82%8b%e5%a5%b3%e3%81%ae%e8%87%aa%e6%a5%ad%e5%be%97%e9%9b%86-03"},"modified":"2024-10-13T04:50:37","modified_gmt":"2024-10-12T19:50:37","slug":"%e3%81%a8%e3%81%82%e3%82%8b%e5%a5%b3%e3%81%ae%e8%87%aa%e6%a5%ad%e5%be%97%e9%9b%86-03","status":"publish","type":"product","link":"https:\/\/newvenusdvds.com\/?product=%e3%81%a8%e3%81%82%e3%82%8b%e5%a5%b3%e3%81%ae%e8%87%aa%e6%a5%ad%e5%be%97%e9%9b%86-03","title":{"rendered":"\u3068\u3042\u308b\u5973\u306e\u81ea\u696d\u5f97\u96c6 03"},"content":{"rendered":"","protected":false},"excerpt":{"rendered":"<p>\u3084\u3063\u3068\u3053\u306e\u64ae\u5f71\u8005\u3068\u306e\u95a2\u4fc2\u304c\u89e3\u6d88\u3055\u308c\u308b\u6642\u304c\u6765\u307e\u3057\u305f\u3002\u4eca\u56de\u983c\u307e\u308c\u305f6\u672c\u306e\u52d5\u753b\u304c\u6700\u5f8c\u306e\u30b9\u30c8\u30c3\u30af\u306e\u3088\u3046\u3067\u3059\u3002\u3053\u306e\u64ae\u5f71\u8005\u3082\u3084\u3063\u3068\u81ea\u5206\u81ea\u8eab\u304c\u3084\u3063\u3066\u3044\u308b\u884c\u70ba\u304c\u611a\u304b\u306a\u3053\u3068\u3060\u3068\u6c17\u3065\u3044\u305f\u306e\u3060\u3068\u601d\u3044\u307e\u3059\u3002\u5f7c\u304c\u3084\u3063\u3066\u3044\u305f\u884c\u70ba\u306f\u88cf\u754c\u9688\u3067\u58f2\u308c\u3066\u3044\u308b\u52d5\u753b\u3092\u771f\u4f3c\u3066\u64ae\u5f71\u3057\u3066\u3044\u305f\u6a21\u5023\u52d5\u753b\u3067\u3057\u305f\u306e\u3067\u3001\u672c\u7269\u306e\u52d5\u753b\u3092\u8cfc\u5165\u3057\u3066\u3044\u308b\u4eba\u305f\u3061\u306b\u3068\u3063\u3066\u306f\u7269\u8db3\u308a\u306a\u304f\u672c\u4eba\u304c\u601d\u3063\u3066\u3044\u305f\u4ee5\u4e0a\u306b\u58f2\u308c\u306a\u304b\u3063\u305f\u306e\u304c\u52d5\u753b\u64ae\u5f71\u3092\u3084\u3081\u308b\u539f\u56e0\u306b\u306a\u3063\u305f\u306e\u304b\u3082\u3057\u308c\u307e\u305b\u3093\u3002\u3044\u305a\u308c\u306f\u3053\u306e\u64ae\u5f71\u8005\u3082\u6355\u307e\u308b\u65e5\u304c\u304f\u308b\u304b\u3068\u601d\u3044\u307e\u3059\u304c\u79c1\u3082\u8ca9\u58f2\u306b\u52a0\u62c5\u3057\u3066\u3044\u305f\u306e\u3067\u6355\u307e\u308b\u306e\u306f\u899a\u609f\u3057\u3066\u3044\u307e\u3059\u3002\u8857\u4e2d\u3067\u6b69\u3044\u3066\u3044\u308b\u7f6a\u306a\u304d\u5973\u306e\u5b50\u305f\u3061\u3092\u7121\u5dee\u5225\u3067\u72d9\u3044\u98f2\u307f\u7269\u306b\u85ac\u3092\u4ed5\u8fbc\u307f\u5bdd\u304b\u305b\u3066\u00d7\u00d7\u00d7\u3059\u308b\u5185\u5bb9\u306e\u52d5\u753b\u3092\u771f\u4f3c\u3057\u3066\u64ae\u5f71\u3057\u3066\u3044\u308b\u6a21\u5023\u72af\u305f\u3061\u306f\u6b21\u304b\u3089\u6b21\u3078\u3068\u6e67\u3044\u3066\u304d\u3066\u3044\u308b\u306e\u306f\u4e8b\u5b9f\u3067\u3059\u3002\u4eca\u306f\u6614\u3068\u9055\u3044\u30b9\u30de\u30db\u3092\u4f7f\u3048\u3070\u7c21\u5358\u306b\u64ae\u5f71\u51fa\u6765\u3066\u8ca9\u58f2\u30b5\u30a4\u30c8\u306b\u30a2\u30c3\u30d7\u3059\u308b\u4e8b\u304c\u5bb9\u6613\u306b\u306a\u3063\u3066\u3044\u308b\u65e5\u672c\u793e\u4f1a\u306b\u306f\u3082\u3046\u4e0d\u4fe1\u611f\u3057\u304b\u3042\u308a\u307e\u305b\u3093\u3002\u6700\u8fd1\u3001\u30c6\u30ec\u30d3\u3092\u3064\u3051\u308b\u3068\u3084\u3063\u3066\u3044\u308b\u5831\u9053\u306e\u307b\u3068\u3093\u3069\u304c\u653f\u6cbb\u5bb6\u305f\u3061\u306e\u88cf\u91d1\u554f\u984c\u3060\u3089\u3051\u3067\u5acc\u6c17\u304c\u3055\u3057\u3066\u3044\u307e\u3059\u3002\u5076\u306b\u65e5\u672c\u306e\u30e1\u30c7\u30a3\u30a2\u306e\u5f79\u5272\u306b\u3064\u3044\u3066\u8003\u3048\u3055\u305b\u3089\u308c\u308b\u3053\u3068\u304c\u3042\u308a\u307e\u3059\u3002\u6628\u4eca\u3001\u3069\u3046\u3067\u3082\u3044\u3044\u30cb\u30e5\u30fc\u30b9\u3070\u304b\u308a\u5831\u9053\u3057\u3066\u672c\u5f53\u306b\u76ee\u3092\u5411\u3051\u306a\u304f\u3066\u306f\u3044\u3051\u306a\u3044\u4e8b\u304c\u30cb\u30e5\u30fc\u30b9\u306b\u306a\u3089\u306a\u3044\u4eca\u306e\u6d41\u308c\u306f\u672c\u5f53\u306b\u9593\u9055\u3063\u3066\u3044\u308b\u3068\u601d\u3044\u307e\u3059\u3002 \u9b3c\u755c \u7d20\u4eba \u30c9\u30e9\u30c3\u30b0 \u4e2d\u51fa\u3057 \u8907\u6570\u8a71 4\u6642\u9593\u4ee5\u4e0a\u4f5c\u54c1  \u30e2\u30b6\u30a4\u30af G041472<\/p>\n","protected":false},"featured_media":112476,"template":"","meta":[],"product_cat":[15],"product_tag":[782,103,86,161,183,144],"class_list":{"0":"post-112477","1":"product","2":"type-product","3":"status-publish","4":"has-post-thumbnail","6":"product_cat-ja","7":"product_tag-782","8":"product_tag-103","9":"product_tag-86","10":"product_tag-161","11":"product_tag-183","12":"product_tag-144","14":"first","15":"instock","16":"shipping-taxable","17":"purchasable","18":"product-type-simple"},"_links":{"self":[{"href":"https:\/\/newvenusdvds.com\/index.php?rest_route=\/wp\/v2\/product\/112477","targetHints":{"allow":["GET"]}}],"collection":[{"href":"https:\/\/newvenusdvds.com\/index.php?rest_route=\/wp\/v2\/product"}],"about":[{"href":"https:\/\/newvenusdvds.com\/index.php?rest_route=\/wp\/v2\/types\/product"}],"wp:featuredmedia":[{"embeddable":true,"href":"https:\/\/newvenusdvds.com\/index.php?rest_route=\/wp\/v2\/media\/112476"}],"wp:attachment":[{"href":"https:\/\/newvenusdvds.com\/index.php?rest_route=%2Fwp%2Fv2%2Fmedia&parent=112477"}],"wp:term":[{"taxonomy":"product_cat","embeddable":true,"href":"https:\/\/newvenusdvds.com\/index.php?rest_route=%2Fwp%2Fv2%2Fproduct_cat&post=112477"},{"taxonomy":"product_tag","embeddable":true,"href":"https:\/\/newvenusdvds.com\/index.php?rest_route=%2Fwp%2Fv2%2Fproduct_tag&post=112477"}],"curies":[{"name":"wp","href":"https:\/\/api.w.org\/{rel}","templated":true}]}}